{"id":93,"date":"2014-09-30T10:48:54","date_gmt":"2014-09-30T08:48:54","guid":{"rendered":"http:\/\/industrigummi.se\/?page_id=93"},"modified":"2026-01-26T08:01:41","modified_gmt":"2026-01-26T07:01:41","slug":"home","status":"publish","type":"page","link":"https:\/\/industrigummi.se\/","title":{"rendered":"Hem"},"content":{"rendered":"<h2>V\u00e4lkommen till AB Industrigummi<\/h2>\n<div class=\"one_half tt-column\"><p>AB INDUSTRIGUMMI har med \u00f6ver 70 \u00e5r i branschen gedigen kunskap om tillverkning av formsprutade och formpressade gummiartiklar.<br \/>\nI v\u00e5r fabrik i Skog\u00e5s tillverkar vi o-ringar, t\u00e4tningar, membran med mera utifr\u00e5n v\u00e5ra kunders ritningar och specifikationer.\u00a0Exempel p\u00e5 anv\u00e4ndningsomr\u00e5den \u00e4r dieselmotorer, pumpar och ventiler inom farmaceutisk och livsmedelsproduktion.<\/p>\n<\/div><div class=\"one_half_last tt-column\"><p>Bland v\u00e5ra kunder finns f\u00f6retag verksamma inom den tunga fordonsindustrin, verkstadsf\u00f6retag och medicintekniska f\u00f6retag.<\/p>\n<p>Kontakta oss f\u00f6r att diskutera hur vi kan hj\u00e4lpa dig.<\/p>\n<\/div><br class=\"clear\" \/><div class=\"one_fourth tt-column\"><div class=\"modern_img_frame modern_four_col_large\"><div class=\"img-preload lightbox-img\"><a href=\"http:\/\/industrigummi.se\/?page_id=42\" class=\"attachment-fadeIn\" title=\"\" target=\"\"><div class=\"lightbox-zoom zoom-4 zoom-link\" style=\"position:absolute; display: none;\">&nbsp;<\/div><img src='http:\/\/industrigummi.se\/wp-content\/uploads\/kat_verkstad.jpg' alt='' class=\"attachment-fadeIn\" \/><\/a><\/div><\/div><p><strong>VERKSTADSINDUSTRI<br \/>\n<\/strong>Med l\u00e5ng erfarenhet av att leverera till olika verkstadsf\u00f6retag, vet INDUSTRIGUMMI hur viktigt det \u00e4r med h\u00f6g kvalitet och leveranser i r\u00e4tt tid. Vi kan ocks\u00e5 hj\u00e4lpa till med f\u00f6renklingsf\u00f6rslag som s\u00e4nker kostnaderna.<\/p>\n<\/div><div class=\"one_fourth tt-column\"><div class=\"modern_img_frame modern_four_col_large\"><div class=\"img-preload lightbox-img\"><a href=\"http:\/\/industrigummi.se\/?page_id=33\" class=\"attachment-fadeIn\" title=\"\" target=\"\"><div class=\"lightbox-zoom zoom-4 zoom-link\" style=\"position:absolute; display: none;\">&nbsp;<\/div><img src='http:\/\/industrigummi.se\/wp-content\/uploads\/kat_medicin1.jpg' alt='' class=\"attachment-fadeIn\" \/><\/a><\/div><\/div><p><strong>LIVSMEDELS- OCH\u00a0L\u00c4KEMEDELSINDUSTRI<br \/>\n<\/strong>N\u00e4r livsmedel eller l\u00e4kemedel ska processas finns h\u00f6ga krav p\u00e5 de packningar som kommer i kontakt med mediet. Vi har material som \u00e4r testade och anpassade till: FDA, USP VI, 3A, AFO.<\/p>\n<\/div><div class=\"one_fourth tt-column\"><div class=\"modern_img_frame modern_four_col_large\"><div class=\"img-preload lightbox-img\"><a href=\"http:\/\/industrigummi.se\/?page_id=39\" class=\"attachment-fadeIn\" title=\"\" target=\"\"><div class=\"lightbox-zoom zoom-4 zoom-link\" style=\"position:absolute; display: none;\">&nbsp;<\/div><img src='http:\/\/industrigummi.se\/wp-content\/uploads\/kat_fordon.jpg' alt='' class=\"attachment-fadeIn\" \/><\/a><\/div><\/div><p><strong>FORDONSINDUSTRI<br \/>\n<\/strong>H\u00f6gsta kvalitet i r\u00e4tt tid till r\u00e4tt pris. PPAP och EDI \u00e4r inga nyheter f\u00f6r INDUSTRIGUMMI som under en m\u00e4ngd \u00e5r levererat t\u00e4tningar och o-ringar till fordonsindustrin.<\/p>\n<\/div><div class=\"one_fourth_last tt-column\"><div class=\"modern_img_frame modern_four_col_large\"><div class=\"img-preload\"><img src='http:\/\/industrigummi.se\/wp-content\/uploads\/aktuellt.jpg' alt='' class=\"attachment-fadeIn\" \/><\/div><\/div><p><strong>AKTUELLT<\/strong><\/p>\n<\/div><br class=\"clear\" \/><h6 class=\"heading-horizontal\" style=\"margin:20px 0 35px 0;\"><span>INDUSTRIGUMMI \u2013 TILLR\u00c4CKLIGT STORT OCH TILLR\u00c4CKLIGT LITET<\/span><\/h6><div class=\"tt-testimonial-wrapper\"><div class=\"testimonials flexslider\"><ul class=\"slides\">\n<li><blockquote><p>INDUSTRIGUMMI \u00e4r tillr\u00e4ckligt stort f\u00f6r att vara leverant\u00f6r till v\u00e4rldsledande f\u00f6retag med global produktion och tillr\u00e4ckligt litet f\u00f6r att snabbt ta fram prototyper av en ny produkt.<\/p><\/blockquote><\/li><\/ul><\/div><\/div><!-- END testimonials --><h1 style=\"text-align: center;\">AB Industrigummi<\/h1>\n<h1 style=\"text-align: center;\"><\/h1>\n","protected":false},"excerpt":{"rendered":"<p>V\u00e4lkommen till AB Industrigummi<br \/>\nAB Industrigummi<\/p>\n","protected":false},"author":2,"featured_media":0,"parent":0,"menu_order":0,"comment_status":"closed","ping_status":"closed","template":"template-blank-canvas.php","meta":{"footnotes":""},"_links":{"self":[{"href":"https:\/\/industrigummi.se\/index.php\/wp-json\/wp\/v2\/pages\/93"}],"collection":[{"href":"https:\/\/industrigummi.se\/index.php\/wp-json\/wp\/v2\/pages"}],"about":[{"href":"https:\/\/industrigummi.se\/index.php\/wp-json\/wp\/v2\/types\/page"}],"author":[{"embeddable":true,"href":"https:\/\/industrigummi.se\/index.php\/wp-json\/wp\/v2\/users\/2"}],"replies":[{"embeddable":true,"href":"https:\/\/industrigummi.se\/index.php\/wp-json\/wp\/v2\/comments?post=93"}],"version-history":[{"count":155,"href":"https:\/\/industrigummi.se\/index.php\/wp-json\/wp\/v2\/pages\/93\/revisions"}],"predecessor-version":[{"id":2151,"href":"https:\/\/industrigummi.se\/index.php\/wp-json\/wp\/v2\/pages\/93\/revisions\/2151"}],"wp:attachment":[{"href":"https:\/\/industrigummi.se\/index.php\/wp-json\/wp\/v2\/media?parent=93"}],"curies":[{"name":"wp","href":"https:\/\/api.w.org\/{rel}","templated":true}]}}