{"id":42,"date":"2014-09-29T13:04:18","date_gmt":"2014-09-29T11:04:18","guid":{"rendered":"http:\/\/industrigummi.se\/?page_id=42"},"modified":"2015-10-06T10:02:57","modified_gmt":"2015-10-06T08:02:57","slug":"verkstadsindustri","status":"publish","type":"page","link":"https:\/\/industrigummi.se\/index.php\/branscher\/verkstadsindustri\/","title":{"rendered":"Verkstadsindustri"},"content":{"rendered":"<p><\/p>\n<div class=\"one_half tt-column\"><h2>Verkstadsindustri<\/h2>\n<p>INDUSTRIGUMMI levererar o-ringar, t\u00e4tningar och gummimetall artiklar som anv\u00e4nds i en m\u00e4ngd olika kr\u00e4vande milj\u00f6er, d\u00e4r h\u00f6ga temperaturer och tuffa kemikalier f\u00f6rekommer. Vi kan hj\u00e4lpa till med att hitta l\u00e4mplig gummiblandning f\u00f6r just din applikation och f\u00f6resl\u00e5 produktf\u00f6renklingar som s\u00e4nker kostnaderna.<\/p>\n<\/div><div class=\"one_half_last tt-column\"><\/div><br class=\"clear\" \/>","protected":false},"excerpt":{"rendered":"<p><\/p>\n","protected":false},"author":2,"featured_media":0,"parent":25,"menu_order":0,"comment_status":"closed","ping_status":"closed","template":"","meta":{"footnotes":""},"_links":{"self":[{"href":"https:\/\/industrigummi.se\/index.php\/wp-json\/wp\/v2\/pages\/42"}],"collection":[{"href":"https:\/\/industrigummi.se\/index.php\/wp-json\/wp\/v2\/pages"}],"about":[{"href":"https:\/\/industrigummi.se\/index.php\/wp-json\/wp\/v2\/types\/page"}],"author":[{"embeddable":true,"href":"https:\/\/industrigummi.se\/index.php\/wp-json\/wp\/v2\/users\/2"}],"replies":[{"embeddable":true,"href":"https:\/\/industrigummi.se\/index.php\/wp-json\/wp\/v2\/comments?post=42"}],"version-history":[{"count":23,"href":"https:\/\/industrigummi.se\/index.php\/wp-json\/wp\/v2\/pages\/42\/revisions"}],"predecessor-version":[{"id":638,"href":"https:\/\/industrigummi.se\/index.php\/wp-json\/wp\/v2\/pages\/42\/revisions\/638"}],"up":[{"embeddable":true,"href":"https:\/\/industrigummi.se\/index.php\/wp-json\/wp\/v2\/pages\/25"}],"wp:attachment":[{"href":"https:\/\/industrigummi.se\/index.php\/wp-json\/wp\/v2\/media?parent=42"}],"curies":[{"name":"wp","href":"https:\/\/api.w.org\/{rel}","templated":true}]}}