{"id":39,"date":"2014-09-29T13:03:19","date_gmt":"2014-09-29T11:03:19","guid":{"rendered":"http:\/\/industrigummi.se\/?page_id=39"},"modified":"2015-10-06T10:04:01","modified_gmt":"2015-10-06T08:04:01","slug":"fordonsindustri","status":"publish","type":"page","link":"https:\/\/industrigummi.se\/index.php\/branscher\/fordonsindustri\/","title":{"rendered":"Fordonsindustri"},"content":{"rendered":"<p><\/p>\n<div class=\"one_half tt-column\"><h2>Fordonsindustri<\/h2>\n<p>H\u00f6ga krav st\u00e4lls p\u00e5 leverant\u00f6rer till fordonsindustrin. Leveransprecision, kvalitetss\u00e4kerhet och kostnadseffektivitet. INDUSTRIGUMMI har under m\u00e5nga \u00e5r varit leverant\u00f6r till den tunga fordonsindustrin och har l\u00e5ng erfarenhet av branschtypiska krav som exempelvis PPAP. Vi \u00e4r reviderade enligt Odettes logistikbed\u00f6mning och anv\u00e4nder EDI.<\/p>\n<\/div><div class=\"one_half_last tt-column\"><\/div><br class=\"clear\" \/>","protected":false},"excerpt":{"rendered":"<p><\/p>\n","protected":false},"author":2,"featured_media":0,"parent":25,"menu_order":0,"comment_status":"closed","ping_status":"closed","template":"","meta":{"footnotes":""},"_links":{"self":[{"href":"https:\/\/industrigummi.se\/index.php\/wp-json\/wp\/v2\/pages\/39"}],"collection":[{"href":"https:\/\/industrigummi.se\/index.php\/wp-json\/wp\/v2\/pages"}],"about":[{"href":"https:\/\/industrigummi.se\/index.php\/wp-json\/wp\/v2\/types\/page"}],"author":[{"embeddable":true,"href":"https:\/\/industrigummi.se\/index.php\/wp-json\/wp\/v2\/users\/2"}],"replies":[{"embeddable":true,"href":"https:\/\/industrigummi.se\/index.php\/wp-json\/wp\/v2\/comments?post=39"}],"version-history":[{"count":10,"href":"https:\/\/industrigummi.se\/index.php\/wp-json\/wp\/v2\/pages\/39\/revisions"}],"predecessor-version":[{"id":640,"href":"https:\/\/industrigummi.se\/index.php\/wp-json\/wp\/v2\/pages\/39\/revisions\/640"}],"up":[{"embeddable":true,"href":"https:\/\/industrigummi.se\/index.php\/wp-json\/wp\/v2\/pages\/25"}],"wp:attachment":[{"href":"https:\/\/industrigummi.se\/index.php\/wp-json\/wp\/v2\/media?parent=39"}],"curies":[{"name":"wp","href":"https:\/\/api.w.org\/{rel}","templated":true}]}}