{"id":33,"date":"2014-09-29T13:00:26","date_gmt":"2014-09-29T11:00:26","guid":{"rendered":"http:\/\/industrigummi.se\/?page_id=33"},"modified":"2015-10-06T09:57:37","modified_gmt":"2015-10-06T07:57:37","slug":"livsmedelsindustri","status":"publish","type":"page","link":"https:\/\/industrigummi.se\/index.php\/branscher\/livsmedelsindustri\/","title":{"rendered":"Livsmedels- och l\u00e4kemedelsindustri"},"content":{"rendered":"<h2><\/h2>\n<h2>Livsmedels- och l\u00e4kemedelsindustri<\/h2>\n<div class=\"one_half tt-column\"><p>Vi tillverkar ventilpackningar, t\u00e4tningar, o-ringar med mera i olika gummiblandningar som \u00e4r framtagna f\u00f6r att m\u00f6ta den typ av krav som dessa branscher st\u00e4ller. Ofta kr\u00e4vs att materialen \u00f6verensst\u00e4mmer med kraven enligt FDA, USP VI, 3A, AFO, USP 381.<\/p>\n<p>Vanliga gummityper i dessa sammanhang \u00e4r: EPDM, Silikongummi, Nitrilgummi, Fluorgummi och Perfluorgummi.<\/p>\n<\/div><div class=\"one_half_last tt-column\"><\/div><br class=\"clear\" \/>","protected":false},"excerpt":{"rendered":"<p>\nLivsmedels- och l\u00e4kemedelsindustri<\/p>\n","protected":false},"author":2,"featured_media":0,"parent":25,"menu_order":0,"comment_status":"closed","ping_status":"closed","template":"","meta":{"footnotes":""},"_links":{"self":[{"href":"https:\/\/industrigummi.se\/index.php\/wp-json\/wp\/v2\/pages\/33"}],"collection":[{"href":"https:\/\/industrigummi.se\/index.php\/wp-json\/wp\/v2\/pages"}],"about":[{"href":"https:\/\/industrigummi.se\/index.php\/wp-json\/wp\/v2\/types\/page"}],"author":[{"embeddable":true,"href":"https:\/\/industrigummi.se\/index.php\/wp-json\/wp\/v2\/users\/2"}],"replies":[{"embeddable":true,"href":"https:\/\/industrigummi.se\/index.php\/wp-json\/wp\/v2\/comments?post=33"}],"version-history":[{"count":18,"href":"https:\/\/industrigummi.se\/index.php\/wp-json\/wp\/v2\/pages\/33\/revisions"}],"predecessor-version":[{"id":630,"href":"https:\/\/industrigummi.se\/index.php\/wp-json\/wp\/v2\/pages\/33\/revisions\/630"}],"up":[{"embeddable":true,"href":"https:\/\/industrigummi.se\/index.php\/wp-json\/wp\/v2\/pages\/25"}],"wp:attachment":[{"href":"https:\/\/industrigummi.se\/index.php\/wp-json\/wp\/v2\/media?parent=33"}],"curies":[{"name":"wp","href":"https:\/\/api.w.org\/{rel}","templated":true}]}}