{"id":321,"date":"2014-11-20T13:56:32","date_gmt":"2014-11-20T12:56:32","guid":{"rendered":"http:\/\/industrigummi.se\/?page_id=321"},"modified":"2023-10-24T16:35:20","modified_gmt":"2023-10-24T14:35:20","slug":"miljo","status":"publish","type":"page","link":"https:\/\/industrigummi.se\/index.php\/miljo-kvalitet\/miljo\/","title":{"rendered":"Milj\u00f6"},"content":{"rendered":"<div class=\"one_half tt-column\"><h2>Milj\u00f6<\/h2>\n<p>Vi arbetar m\u00e5linriktat med att f\u00f6rb\u00e4ttra verksamheten och f\u00f6r dig som kund kan det\u00a0t ex inneb\u00e4ra att vi f\u00f6resl\u00e5r ett material som ej \u00e4r bly-vulkat.\u00a0Verksamhetssystemet \u00e4r certifierat enligt ISO 14001:2015.<\/p>\n<\/div><div class=\"one_half_last tt-column\"><table width=\"100%\">\n<tbody>\n<tr valign=\"top\">\n<td>\n<div id=\"attachment_317\" style=\"width: 221px\" class=\"wp-caption alignright\"><a href=\"\/wp-content\/uploads\/1417192_SWE_AB-Industrigummi.pdf\" target=\"_blank\" rel=\"noopener noreferrer\"><img loading=\"lazy\" decoding=\"async\" aria-describedby=\"caption-attachment-317\" class=\"alignleft size-full wp-image-564\" src=\"\/wp-content\/uploads\/ISO14001_sve.png\" alt=\"kvalitet9001_en\" width=\"211\" height=\"299\" \/><\/a><\/p>\n<p id=\"caption-attachment-317\" class=\"wp-caption-text\">Registreringscertifikat, ISO 14001:2015 (p\u00e5 svenska) &#8211; klicka f\u00f6r en st\u00f6rre version.<\/p>\n<\/div>\n<\/td>\n<td>\n<div id=\"attachment_318\" style=\"width: 221px\" class=\"wp-caption alignright\"><a href=\"\/wp-content\/uploads\/1417192_ENG_AB-Industrigummi.pdf\" target=\"_blank\" rel=\"noopener noreferrer\"><img loading=\"lazy\" decoding=\"async\" aria-describedby=\"caption-attachment-318\" class=\"alignleft size-full wp-image-578\" src=\"\/wp-content\/uploads\/ISO14001_eng.png\" alt=\"miljo14001_en\" width=\"211\" height=\"298\" \/><\/a><\/p>\n<p id=\"caption-attachment-318\" class=\"wp-caption-text\">Certificate of registration, ISO 14001:2015 (in English) &#8211; click for a larger version.<\/p>\n<\/div>\n<\/td>\n<\/tr>\n<\/tbody>\n<\/table>\n<\/div><br class=\"clear\" \/><div class=\"et_pb_column et_pb_column_1_2 et_pb_column_8  et_pb_css_mix_blend_mode_passthrough\">\n<div class=\"et_pb_module et_pb_text et_pb_text_4  et_pb_text_align_left et_pb_bg_layout_light\">\n<div class=\"et_pb_text_inner\">\n<h2>H\u00e5llbarhet<\/h2>\n<p>Vi har med\u00a0st\u00f6d\u00a0av\u00a0<a href=\"https:\/\/tillvaxtverket.se\/\">Tillv\u00e4xtverket<\/a>\u00a0och\u00a0<a href=\"https:\/\/www.regionstockholm.se\/\">Region Stockholm<\/a> p\u00e5b\u00f6rjat ett energieffektivitetsprogram h\u00e4r hos oss p\u00e5 AB Industrigummi.<\/p>\n<p>Detta inneb\u00e4r, i ett f\u00f6rsta skede, att vi har installerat sensorer p\u00e5 samtliga maskiner f\u00f6r att kunna l\u00e4sa av energif\u00f6rbrukningen i v\u00e5r produktion.<\/p>\n<\/div>\n<\/div>\n<\/div>\n<div class=\"et_pb_column et_pb_column_1_2 et_pb_column_9  et_pb_css_mix_blend_mode_passthrough et-last-child\">\n<div class=\"et_pb_module et_pb_image et_pb_image_1\"><a href=\"https:\/\/tillvaxtverket.se\/\" target=\"_blank\" rel=\"noopener noreferrer\"><span class=\"et_pb_image_wrap \"><img loading=\"lazy\" decoding=\"async\" class=\"wp-image-25757\" title=\"tvv\" src=\"https:\/\/sp-ao.shortpixel.ai\/client\/to_webp,q_glossy,ret_img,w_300,h_160\/https:\/\/cahbo.se\/wp-content\/uploads\/2023\/10\/tvv-300x160.png\" alt=\"\" width=\"300\" height=\"160\" \/><\/span><\/a><\/div>\n<\/div>\n<div><\/div>\n","protected":false},"excerpt":{"rendered":"<p>\nH\u00e5llbarhet<br \/>\nVi har med\u00a0st\u00f6d\u00a0av\u00a0Tillv\u00e4xtverket\u00a0och\u00a0Region Stockholm p\u00e5b\u00f6rjat ett energieffektivitetsprogram h\u00e4r hos oss p\u00e5 AB Industrigummi.<br \/>\nDetta inneb\u00e4r, i ett f\u00f6rsta skede, att vi har installerat sensorer p\u00e5 samtliga maskiner f\u00f6r att kunna l\u00e4sa av energif\u00f6rbrukningen i v\u00e5r produktion.<\/p>\n","protected":false},"author":2,"featured_media":0,"parent":50,"menu_order":0,"comment_status":"closed","ping_status":"closed","template":"","meta":{"footnotes":""},"_links":{"self":[{"href":"https:\/\/industrigummi.se\/index.php\/wp-json\/wp\/v2\/pages\/321"}],"collection":[{"href":"https:\/\/industrigummi.se\/index.php\/wp-json\/wp\/v2\/pages"}],"about":[{"href":"https:\/\/industrigummi.se\/index.php\/wp-json\/wp\/v2\/types\/page"}],"author":[{"embeddable":true,"href":"https:\/\/industrigummi.se\/index.php\/wp-json\/wp\/v2\/users\/2"}],"replies":[{"embeddable":true,"href":"https:\/\/industrigummi.se\/index.php\/wp-json\/wp\/v2\/comments?post=321"}],"version-history":[{"count":17,"href":"https:\/\/industrigummi.se\/index.php\/wp-json\/wp\/v2\/pages\/321\/revisions"}],"predecessor-version":[{"id":2107,"href":"https:\/\/industrigummi.se\/index.php\/wp-json\/wp\/v2\/pages\/321\/revisions\/2107"}],"up":[{"embeddable":true,"href":"https:\/\/industrigummi.se\/index.php\/wp-json\/wp\/v2\/pages\/50"}],"wp:attachment":[{"href":"https:\/\/industrigummi.se\/index.php\/wp-json\/wp\/v2\/media?parent=321"}],"curies":[{"name":"wp","href":"https:\/\/api.w.org\/{rel}","templated":true}]}}