{"id":315,"date":"2014-11-20T13:42:56","date_gmt":"2014-11-20T12:42:56","guid":{"rendered":"http:\/\/industrigummi.se\/?page_id=315"},"modified":"2023-09-28T10:30:25","modified_gmt":"2023-09-28T08:30:25","slug":"kvalitet","status":"publish","type":"page","link":"https:\/\/industrigummi.se\/index.php\/miljo-kvalitet\/kvalitet\/","title":{"rendered":"Kvalitet"},"content":{"rendered":"<div class=\"one_half tt-column\"><h2>Kvalitet<\/h2>\n<p>Verksamhetssystemet \u00e4r certifierat enligt ISO 9001:2015 och vi jobbar systematiskt med st\u00e4ndiga f\u00f6rb\u00e4ttringar mot noll fel. M\u00e5nga av v\u00e5ra kunder vill ha materialcertifikat eller m\u00e4tprotokoll med leveransen och v\u00e5rt verksamhetssystem \u00e4r anpassat f\u00f6r att l\u00e4tt kunna l\u00e4gga till den typen av dokument med leveransen.<\/p>\n<\/div><div class=\"one_half_last tt-column\"><table width=\"100%\">\n<tbody>\n<tr valign=\"top\">\n<td>\n<div id=\"attachment_317\" style=\"width: 221px\" class=\"wp-caption alignright\"><a href=\"\/wp-content\/uploads\/12515._SWE_AB_Industrigummi.pdf\" target=\"_blank\" rel=\"noopener noreferrer\"><img loading=\"lazy\" decoding=\"async\" aria-describedby=\"caption-attachment-317\" class=\"alignleft size-full wp-image-564\" src=\"\/wp-content\/uploads\/ISO9001_sve.png\" alt=\"kvalitet9001_en\" width=\"211\" height=\"299\"><\/a><\/p>\n<p id=\"caption-attachment-317\" class=\"wp-caption-text\">Registreringscertifikat, ISO 9001:2015 (p\u00e5 svenska) &#8211; klicka f\u00f6r en st\u00f6rre version.<\/p>\n<\/div>\n<\/td>\n<td>\n<div id=\"attachment_317\" style=\"width: 221px\" class=\"wp-caption alignright\"><a href=\"\/wp-content\/uploads\/ISO9001_eng.png\" target=\"_blank\" rel=\"noopener noreferrer\"><img loading=\"lazy\" decoding=\"async\" aria-describedby=\"caption-attachment-317\" class=\"alignleft size-full wp-image-564\" src=\"\/wp-content\/uploads\/ISO9001_eng.png\" alt=\"kvalitet9001_en\" width=\"211\" height=\"299\"><\/a><\/p>\n<p id=\"caption-attachment-317\" class=\"wp-caption-text\">Certificate of registration, ISO 9001:2015 (in English) &#8211; click for a larger version.<\/p>\n<\/div>\n<\/td>\n<\/tr>\n<\/tbody>\n<\/table>\n<\/div><br class=\"clear\" \/>","protected":false},"excerpt":{"rendered":"","protected":false},"author":2,"featured_media":0,"parent":50,"menu_order":0,"comment_status":"closed","ping_status":"closed","template":"","meta":{"footnotes":""},"_links":{"self":[{"href":"https:\/\/industrigummi.se\/index.php\/wp-json\/wp\/v2\/pages\/315"}],"collection":[{"href":"https:\/\/industrigummi.se\/index.php\/wp-json\/wp\/v2\/pages"}],"about":[{"href":"https:\/\/industrigummi.se\/index.php\/wp-json\/wp\/v2\/types\/page"}],"author":[{"embeddable":true,"href":"https:\/\/industrigummi.se\/index.php\/wp-json\/wp\/v2\/users\/2"}],"replies":[{"embeddable":true,"href":"https:\/\/industrigummi.se\/index.php\/wp-json\/wp\/v2\/comments?post=315"}],"version-history":[{"count":31,"href":"https:\/\/industrigummi.se\/index.php\/wp-json\/wp\/v2\/pages\/315\/revisions"}],"predecessor-version":[{"id":2091,"href":"https:\/\/industrigummi.se\/index.php\/wp-json\/wp\/v2\/pages\/315\/revisions\/2091"}],"up":[{"embeddable":true,"href":"https:\/\/industrigummi.se\/index.php\/wp-json\/wp\/v2\/pages\/50"}],"wp:attachment":[{"href":"https:\/\/industrigummi.se\/index.php\/wp-json\/wp\/v2\/media?parent=315"}],"curies":[{"name":"wp","href":"https:\/\/api.w.org\/{rel}","templated":true}]}}