{"id":299,"date":"2014-10-15T09:39:21","date_gmt":"2014-10-15T07:39:21","guid":{"rendered":"http:\/\/industrigummi.se\/?page_id=299"},"modified":"2015-10-06T10:03:21","modified_gmt":"2015-10-06T08:03:21","slug":"logistik","status":"publish","type":"page","link":"https:\/\/industrigummi.se\/index.php\/miljo-kvalitet\/logistik\/","title":{"rendered":"Logistik och leveranss\u00e4kerhet"},"content":{"rendered":"<p><\/p>\n<div class=\"one_half tt-column\"><h2>Logistik och leveranss\u00e4kerhet<\/h2>\n<p>Vi \u00e4r flexibla n\u00e4r det g\u00e4ller att hitta bra logistikl\u00f6sningar tillsammans med v\u00e5ra kunder globalt. Avropsorder, \u00e5rsavtal, konsignationslager och EDI-l\u00f6sningar \u00e4r exempel p\u00e5 m\u00f6jligheter f\u00f6r att uppn\u00e5 s\u00e4kra leveranser i r\u00e4tt tid. Vi \u00e4r reviderade enligt Odettes logistikbed\u00f6mning.<\/p>\n<\/div><div class=\"one_half_last tt-column\"><\/div><br class=\"clear\" \/>","protected":false},"excerpt":{"rendered":"<p><\/p>\n","protected":false},"author":2,"featured_media":0,"parent":50,"menu_order":0,"comment_status":"closed","ping_status":"closed","template":"","meta":{"footnotes":""},"_links":{"self":[{"href":"https:\/\/industrigummi.se\/index.php\/wp-json\/wp\/v2\/pages\/299"}],"collection":[{"href":"https:\/\/industrigummi.se\/index.php\/wp-json\/wp\/v2\/pages"}],"about":[{"href":"https:\/\/industrigummi.se\/index.php\/wp-json\/wp\/v2\/types\/page"}],"author":[{"embeddable":true,"href":"https:\/\/industrigummi.se\/index.php\/wp-json\/wp\/v2\/users\/2"}],"replies":[{"embeddable":true,"href":"https:\/\/industrigummi.se\/index.php\/wp-json\/wp\/v2\/comments?post=299"}],"version-history":[{"count":10,"href":"https:\/\/industrigummi.se\/index.php\/wp-json\/wp\/v2\/pages\/299\/revisions"}],"predecessor-version":[{"id":639,"href":"https:\/\/industrigummi.se\/index.php\/wp-json\/wp\/v2\/pages\/299\/revisions\/639"}],"up":[{"embeddable":true,"href":"https:\/\/industrigummi.se\/index.php\/wp-json\/wp\/v2\/pages\/50"}],"wp:attachment":[{"href":"https:\/\/industrigummi.se\/index.php\/wp-json\/wp\/v2\/media?parent=299"}],"curies":[{"name":"wp","href":"https:\/\/api.w.org\/{rel}","templated":true}]}}